{"id":217,"date":"2023-06-12T19:19:25","date_gmt":"2023-06-12T17:19:25","guid":{"rendered":"https:\/\/cotusieswieci.pl\/?page_id=217"},"modified":"2023-08-02T15:13:28","modified_gmt":"2023-08-02T13:13:28","slug":"kup-plyte-gdy-zechcesz","status":"publish","type":"page","link":"https:\/\/cotusieswieci.pl\/?page_id=217","title":{"rendered":"Kup p\u0142yt\u0119 &#8211; Gdy zechcesz"},"content":{"rendered":"<h2 class=\"wp-block-heading\" style=\"color: black;\">Kup p\u0142yt\u0119 &#8211; Gdy zechcesz<\/h2>\n\n\n<figure class=\"wp-block-gallery has-nested-images columns-default is-cropped wp-block-gallery-1 is-layout-flex wp-block-gallery-is-layout-flex\">\n<figure class=\"wp-block-image size-large\"><img loading=\"lazy\" decoding=\"async\" width=\"512\" height=\"457\" data-id=\"52\" src=\"https:\/\/cotusieswieci.pl\/wp-content\/uploads\/2023\/05\/okladka-front.jpg\" alt=\"\" class=\"wp-image-52\" srcset=\"https:\/\/cotusieswieci.pl\/wp-content\/uploads\/2023\/05\/okladka-front.jpg 512w, https:\/\/cotusieswieci.pl\/wp-content\/uploads\/2023\/05\/okladka-front-300x268.jpg 300w\" sizes=\"auto, (max-width: 512px) 100vw, 512px\" \/><\/figure>\n<\/figure>\n\n\n\n<p style=\"font-style:normal;font-weight:500\">Koszt p\u0142yty 40 PLN + przesy\u0142ka<\/p>\n\n\n\n<p>Na ten moment jedyn\u0105 mo\u017cliwo\u015bci\u0105 zakupu p\u0142yty jest wykonanie przelewu na konto:<\/p>\n\n\n\n<p style=\"font-style:normal;font-weight:400\">Irmina Car<br>34 1140 2004 0000 3502 7612 1840<br>w tytule przelewu prosimy o podanie imienia i nazwiska, a nast\u0119pnie wys\u0142anie wiadomo\u015bci na adres kontakt@cotusieswieci.pl z danymi dotycz\u0105cymi przesy\u0142ki: forma, imi\u0119 i nazwisko, adres, numer telefonu kom\u00f3rkowego.<\/p>\n\n\n\n<p><\/p>\n\n\n\n<p>Wysy\u0142ka:<br>Poczta list polecony 10 PLN<br>Paczkomat 17 PLN\n<\/p>\n","protected":false},"excerpt":{"rendered":"<p>Kup p\u0142yt\u0119 &#8211; Gdy zechcesz Koszt p\u0142yty 40 PLN + przesy\u0142ka Na ten moment jedyn\u0105 mo\u017cliwo\u015bci\u0105 zakupu p\u0142yty jest wykonanie przelewu na konto: Irmina Car34 1140 2004 0000 3502 7612 1840w tytule przelewu prosimy o podanie imienia i nazwiska, a nast\u0119pnie wys\u0142anie wiadomo\u015bci na adres kontakt@cotusieswieci.pl z danymi dotycz\u0105cymi przesy\u0142ki: forma, imi\u0119 i nazwisko, adres, [&hellip;]<\/p>\n","protected":false},"author":1,"featured_media":0,"parent":0,"menu_order":0,"comment_status":"closed","ping_status":"closed","template":"","meta":{"footnotes":""},"class_list":["post-217","page","type-page","status-publish","hentry"],"_links":{"self":[{"href":"https:\/\/cotusieswieci.pl\/index.php?rest_route=\/wp\/v2\/pages\/217","targetHints":{"allow":["GET"]}}],"collection":[{"href":"https:\/\/cotusieswieci.pl\/index.php?rest_route=\/wp\/v2\/pages"}],"about":[{"href":"https:\/\/cotusieswieci.pl\/index.php?rest_route=\/wp\/v2\/types\/page"}],"author":[{"embeddable":true,"href":"https:\/\/cotusieswieci.pl\/index.php?rest_route=\/wp\/v2\/users\/1"}],"replies":[{"embeddable":true,"href":"https:\/\/cotusieswieci.pl\/index.php?rest_route=%2Fwp%2Fv2%2Fcomments&post=217"}],"version-history":[{"count":13,"href":"https:\/\/cotusieswieci.pl\/index.php?rest_route=\/wp\/v2\/pages\/217\/revisions"}],"predecessor-version":[{"id":242,"href":"https:\/\/cotusieswieci.pl\/index.php?rest_route=\/wp\/v2\/pages\/217\/revisions\/242"}],"wp:attachment":[{"href":"https:\/\/cotusieswieci.pl\/index.php?rest_route=%2Fwp%2Fv2%2Fmedia&parent=217"}],"curies":[{"name":"wp","href":"https:\/\/api.w.org\/{rel}","templated":true}]}}